{"id":25977451,"date":"2025-07-17T10:16:51","date_gmt":"2025-07-17T10:16:51","guid":{"rendered":"https:\/\/www.o-byclaire.com\/legal-notice\/"},"modified":"2025-08-12T10:58:04","modified_gmt":"2025-08-12T10:58:04","slug":"legal-notice","status":"publish","type":"page","link":"https:\/\/www.o-byclaire.com\/en\/legal-notice\/","title":{"rendered":"Legal notice"},"content":{"rendered":"<p>[et_pb_section fb_built=&#8221;1&#8243; _builder_version=&#8221;4.27.4&#8243; _module_preset=&#8221;default&#8221; background_color=&#8221;rgba(0,0,0,0.24)&#8221; background_image=&#8221;https:\/\/www.o-byclaire.com\/wp-content\/uploads\/2025\/07\/Obyclair-CTA.png&#8221; background_blend=&#8221;multiply&#8221; custom_padding=&#8221;110px||110px||true|false&#8221; locked=&#8221;off&#8221; global_colors_info=&#8221;{}&#8221; theme_builder_area=&#8221;post_content&#8221;][et_pb_row _builder_version=&#8221;4.27.4&#8243; _module_preset=&#8221;default&#8221; global_colors_info=&#8221;{}&#8221; theme_builder_area=&#8221;post_content&#8221;][et_pb_column type=&#8221;4_4&#8243; _builder_version=&#8221;4.27.4&#8243; _module_preset=&#8221;default&#8221; global_colors_info=&#8221;{}&#8221; theme_builder_area=&#8221;post_content&#8221;][et_pb_text _builder_version=&#8221;4.27.4&#8243; _module_preset=&#8221;default&#8221; header_text_align=&#8221;center&#8221; header_text_color=&#8221;#FFFFFF&#8221; global_colors_info=&#8221;{}&#8221; theme_builder_area=&#8221;post_content&#8221;]<\/p>\n<h1>Shipping<\/h1>\n<p>[\/et_pb_text][\/et_pb_column][\/et_pb_row][\/et_pb_section][et_pb_section fb_built=&#8221;1&#8243; _builder_version=&#8221;4.24.2&#8243; _module_preset=&#8221;default&#8221; custom_padding=&#8221;0px||0px||true|false&#8221; global_colors_info=&#8221;{}&#8221; theme_builder_area=&#8221;post_content&#8221;][et_pb_row column_structure=&#8221;1_2,1_2&#8243; use_custom_gutter=&#8221;on&#8221; gutter_width=&#8221;1&#8243; make_equal=&#8221;on&#8221; _builder_version=&#8221;4.24.2&#8243; _module_preset=&#8221;default&#8221; width=&#8221;90%&#8221; max_width=&#8221;90%&#8221; custom_padding=&#8221;15px||||false|false&#8221; custom_css_main_element=&#8221;align-items:center;&#8221; global_colors_info=&#8221;{}&#8221; theme_builder_area=&#8221;post_content&#8221;][et_pb_column type=&#8221;1_2&#8243; _builder_version=&#8221;4.24.2&#8243; _module_preset=&#8221;default&#8221; global_colors_info=&#8221;{}&#8221; custom_css_main_element_last_edited=&#8221;on|tablet&#8221; custom_css_main_element_tablet=&#8221;width: 50%;&#8221; custom_css_main_element_phone=&#8221;width: 50%;&#8221; theme_builder_area=&#8221;post_content&#8221;][dipi_breadcrumbs bc_items_alignment_tablet=&#8221;&#8221; bc_items_alignment_phone=&#8221;dipi-bc-center&#8221; bc_items_alignment_last_edited=&#8221;on|phone&#8221; _builder_version=&#8221;4.24.2&#8243; _module_preset=&#8221;default&#8221; items_font=&#8221;Red Hat Display|||on|||||&#8221; items_text_color=&#8221;#7f7f7f&#8221; items_font_size=&#8221;14px&#8221; active_text_color=&#8221;#000000&#8243; active_font_size=&#8221;14px&#8221; global_colors_info=&#8221;{}&#8221; theme_builder_area=&#8221;post_content&#8221;][\/dipi_breadcrumbs][\/et_pb_column][et_pb_column type=&#8221;1_2&#8243; _builder_version=&#8221;4.24.2&#8243; _module_preset=&#8221;default&#8221; global_colors_info=&#8221;{}&#8221; custom_css_main_element_last_edited=&#8221;on|tablet&#8221; custom_css_main_element_tablet=&#8221;width: 50%;&#8221; custom_css_main_element_phone=&#8221;width: 50%;&#8221; theme_builder_area=&#8221;post_content&#8221;][et_pb_blurb title=&#8221;Learn more&#8221; use_icon=&#8221;on&#8221; font_icon=&#8221;&#x22;||divi||400&#8243; icon_color=&#8221;#000000&#8243; icon_placement=&#8221;left&#8221; image_icon_width=&#8221;20px&#8221; disabled_on=&#8221;on|off|off&#8221; _builder_version=&#8221;4.27.4&#8243; _module_preset=&#8221;default&#8221; header_font=&#8221;Red Hat Display|||on|||||&#8221; header_text_color=&#8221;#000000&#8243; header_font_size=&#8221;14px&#8221; image_icon_custom_margin=&#8221;-5px||||false|false&#8221; max_width=&#8221;140px&#8221; module_alignment=&#8221;right&#8221; custom_margin_tablet=&#8221;5px||||false|false&#8221; custom_margin_phone=&#8221;5px||||false|false&#8221; custom_margin_last_edited=&#8221;on|tablet&#8221; link_option_url=&#8221;#dp-page-scroll&#8221; custom_css_blurb_title=&#8221;margin-left: -20px;&#8221; global_colors_info=&#8221;{}&#8221; theme_builder_area=&#8221;post_content&#8221;][\/et_pb_blurb][\/et_pb_column][\/et_pb_row][\/et_pb_section][et_pb_section fb_built=&#8221;1&#8243; module_id=&#8221;dp-page-scroll&#8221; _builder_version=&#8221;4.24.2&#8243; _module_preset=&#8221;default&#8221; custom_padding=&#8221;0px||||false|false&#8221; global_colors_info=&#8221;{}&#8221; theme_builder_area=&#8221;post_content&#8221;][et_pb_row _builder_version=&#8221;4.27.4&#8243; _module_preset=&#8221;default&#8221; global_colors_info=&#8221;{}&#8221; theme_builder_area=&#8221;post_content&#8221;][et_pb_column type=&#8221;4_4&#8243; _builder_version=&#8221;4.27.4&#8243; _module_preset=&#8221;default&#8221; global_colors_info=&#8221;{}&#8221; theme_builder_area=&#8221;post_content&#8221;][et_pb_text _builder_version=&#8221;4.27.4&#8243; _module_preset=&#8221;default&#8221; header_2_font=&#8221;&#8211;et_global_heading_font||||||||&#8221; header_2_text_align=&#8221;center&#8221; header_2_text_color=&#8221;#000000&#8243; header_2_font_size=&#8221;65px&#8221; header_2_letter_spacing=&#8221;-2px&#8221; header_2_line_height=&#8221;1.1em&#8221; max_width=&#8221;800px&#8221; max_width_tablet=&#8221;500px&#8221; max_width_phone=&#8221;500px&#8221; max_width_last_edited=&#8221;on|tablet&#8221; module_alignment=&#8221;center&#8221; hover_enabled=&#8221;0&#8243; header_2_font_size_tablet=&#8221;45px&#8221; header_2_font_size_phone=&#8221;28px&#8221; header_2_font_size_last_edited=&#8221;on|tablet&#8221; header_2_letter_spacing_tablet=&#8221;-2px&#8221; header_2_letter_spacing_phone=&#8221;0px&#8221; header_2_letter_spacing_last_edited=&#8221;on|phone&#8221; header_2_line_height_tablet=&#8221;1.1em&#8221; header_2_line_height_phone=&#8221;1.2em&#8221; header_2_line_height_last_edited=&#8221;on|phone&#8221; locked=&#8221;off&#8221; global_colors_info=&#8221;{}&#8221; theme_builder_area=&#8221;post_content&#8221; sticky_enabled=&#8221;0&#8243;]<\/p>\n<h2 class=\"jw-heading-100\">Legal notice<\/h2>\n<p>[\/et_pb_text][et_pb_text _builder_version=&#8221;4.27.4&#8243; _module_preset=&#8221;default&#8221; text_font=&#8221;&#8211;et_global_body_font|300|||||||&#8221; text_text_color=&#8221;#000000&#8243; text_font_size=&#8221;25px&#8221; text_line_height=&#8221;1.5em&#8221; module_alignment=&#8221;center&#8221; hover_enabled=&#8221;0&#8243; text_font_size_tablet=&#8221;30px&#8221; text_font_size_phone=&#8221;24px&#8221; text_font_size_last_edited=&#8221;on|tablet&#8221; locked=&#8221;off&#8221; global_colors_info=&#8221;{}&#8221; theme_builder_area=&#8221;post_content&#8221; sticky_enabled=&#8221;0&#8243;]<\/p>\n<p><span style=\"font-weight: 400;\"><\/span><\/p>\n<p><span style=\"font-weight: 400;\">Please read these terms of use carefully before browsing this website. By connecting to this site, you unreservedly accept these terms. <\/span><\/p>\n<p>&nbsp;<\/p>\n<h1><strong>Webiste owner<\/strong><\/h1>\n<p><span style=\"font-weight: 400;\">OFFENSTADT CLAIRE (O.BY.CLAIRE)<\/span><\/p>\n<p><span style=\"font-weight: 400;\">41 BOULEVARD DU ROI, 78000 VERSAILLES<\/span><\/p>\n<p><span style=\"font-weight: 400;\">SIREN : 941593113<\/span><\/p>\n<p><span style=\"font-weight: 400;\">VAT number (France) : FR59941593113<\/span><\/p>\n<p><span style=\"font-weight: 400;\">Phone number <\/span><\/p>\n<p><span style=\"font-weight: 400;\">Email : contact@obyclaire.com<\/span><\/p>\n<p><span style=\"font-weight: 400;\">obyclaire.com<\/span><\/p>\n<p><span style=\"font-weight: 400;\">OFFENSTADT CLAIRE (O.BY.CLAIRE) is Self-employed with a share capital of {{CAPITAL_DE_LA_SOCIETE}} euros.<\/span><\/p>\n<h1><b>Using conditions<\/b><b><\/b><\/h1>\n<p><b><\/b><\/p>\n<p><span style=\"font-weight: 400;\">The website accessible at the following URL: obyclaire.com is operated in compliance with French legislation. The use of this site is governed by these general terms and conditions. By using the site, you acknowledge that you have read and accepted these terms. They may be modified at any time and without prior notice by OFFENSTADT CLAIRE (O.BY.CLAIRE).   <\/span><\/p>\n<p><span style=\"font-weight: 400;\">OFFENSTADT CLAIRE (O.BY.CLAIRE) cannot be held liable in any way for any misuse of the service.<\/span><\/p>\n<h2><b>Editorial manager<\/b><\/h2>\n<p><b><\/b><\/p>\n<p><span style=\"font-weight: 400;\">CLAIRE OFFENSTADT <\/span><\/p>\n<p><span style=\"font-weight: 400;\">Self-employed &#8211; OFFENSTADT CLAIRE (O.BY.CLAIRE)<\/span><\/p>\n<p><span style=\"font-weight: 400;\">41 BOULEVARD DU ROI, 78000 VERSAILLES<\/span><\/p>\n<p><span style=\"font-weight: 400;\">Phone number : {{TEL_DE_LA_SOCIETE}} <\/span><\/p>\n<p><span style=\"font-weight: 400;\">Email : contact@obyclaire.com<\/span><\/p>\n<p><span style=\"font-weight: 400;\">obyclaire.com<\/span><\/p>\n<p><span style=\"font-weight: 400;\"><\/span><\/p>\n<h2><b>Hosting provider<\/b><\/h2>\n<p><b><\/b><\/p>\n<p><span style=\"font-weight: 400;\">DIRUPT<\/span><\/p>\n<p><span style=\"font-weight: 400;\">9 Rue des Colonnes, 75002 Paris<\/span><\/p>\n<p><span style=\"font-weight: 400;\">SIREN : 800 409 823<\/span><\/p>\n<p><span style=\"font-weight: 400;\">VAT Number (France) : FR10800409823<\/span><\/p>\n<p><span style=\"font-weight: 400;\">Phone number : +33 (0)1 86 64 08 60<\/span><\/p>\n<p><span style=\"font-weight: 400;\">Email : <a href=\"mailto:contact@di-rupt.com\">contact@di-rupt.com<\/a><\/span><\/p>\n<p><span style=\"font-weight: 400;\"><\/span><\/p>\n<h2><b>Webmaster<\/b><\/h2>\n<p><b><\/b><\/p>\n<p><span style=\"font-weight: 400;\">DIRUPT<\/span><\/p>\n<p><span style=\"font-weight: 400;\">9 Rue des Colonnes, 75002 Paris<\/span><\/p>\n<p><span style=\"font-weight: 400;\">SIREN : 800 409 823<\/span><\/p>\n<p><span style=\"font-weight: 400;\">VAT Number (France) : FR10800409823<\/span><\/p>\n<p><span style=\"font-weight: 400;\">Phone number : +33 (0)1 86 64 08 60<\/span><\/p>\n<p><span style=\"font-weight: 400;\">Email : <a href=\"mailto:contact@di-rupt.com\">contact@di-rupt.com<\/a><\/span><\/p>\n<p><span style=\"font-weight: 400;\"><\/span><\/p>\n<h2><b>Limitation of Liability<\/b><\/h2>\n<p><b><\/b><\/p>\n<p><span style=\"font-weight: 400;\">The information contained on this site is as accurate as possible, and the site is periodically updated, but it may nonetheless contain inaccuracies, omissions or gaps. If you notice a gap, error or what appears to be a malfunction, please report it by email, describing the problem as precisely as possible (problematic page, triggering action, type of computer and browser used, etc.). <\/span><\/p>\n<p><span style=\"font-weight: 400;\">The information contained on this site is as accurate as possible, and the site is periodically updated, but it may nevertheless contain inaccuracies, omissions, or gaps. If you notice a gap, error, or what appears to be a malfunction, please report it by email, describing the problem as precisely as possible (problematic page, triggering action, type of computer and browser used, etc.).  <\/span><\/p>\n<p><span style=\"font-weight: 400;\">The photos are non-contractual.<\/span><\/p>\n<p><span style=\"font-weight: 400;\">Hypertext links set up within this website to other resources on the Internet shall not incur the liability of OFFENSTADT CLAIRE (O.BY.CLAIRE).<\/span><\/p>\n<p><span style=\"font-weight: 400;\"><\/span><\/p>\n<h2><b>Disputes<\/b><\/h2>\n<p><b><\/b><\/p>\n<p><span style=\"font-weight: 400;\">In accordance with Law<\/span><a href=\"https:\/\/www.legifrance.gouv.fr\/affichTexte.do?cidTexte=JORFTEXT000000886460\" target=\"_blank\" rel=\"noopener\"><span style=\"font-weight: 400;\"> No. 78-17 of January 6, 1978<\/span><\/a> <span style=\"font-weight: 400;\">(amended by <\/span><a href=\"https:\/\/www.legifrance.gouv.fr\/affichTexte.do?cidTexte=JORFTEXT000000441676\" target=\"_blank\" rel=\"noopener\"><span style=\"font-weight: 400;\">Law No. 2004-801 of August 6, 2004<\/span><\/a><span style=\"font-weight: 400;\"> on the protection of individuals with regard to the processing of personal data), relating to information technology, files, and civil liberties, the site has been declared to the French Data Protection Authority (Commission Nationale de l\u2019Informatique et des Libert\u00e9s \u2013<\/span><a href=\"https:\/\/www.cnil.fr\/\" target=\"_blank\" rel=\"noopener\"><span style=\"font-weight: 400;\"> www.cnil.fr<\/span><\/a><span style=\"font-weight: 400;\">).<\/span><\/p>\n<p>&nbsp;<\/p>\n<h2><b>Access rights<\/b><\/h2>\n<p><b><\/b><\/p>\n<p><span style=\"font-weight: 400;\">In accordance with this law, internet users have the right to access, rectify, modify, and delete any personal data concerning them. This right may be exercised by postal mail to OFFENSTADT CLAIRE (O.BY.CLAIRE), 41 BOULEVARD DU ROI, 78000 VERSAILLES, or by email at the following address: contact@obyclaire.com. <\/span><\/p>\n<p><span style=\"font-weight: 400;\">The personal information collected is in no way shared with third parties, except when required for the proper execution of the service ordered by the user.<\/span><\/p>\n<p><span style=\"font-weight: 400;\"><\/span><\/p>\n<h2><b>Confidentiality<\/b><\/h2>\n<p><b><\/b><\/p>\n<p><span style=\"font-weight: 400;\">Your personal data is confidential and will not be disclosed to third parties, except when necessary for the proper execution of the service.<\/span><\/p>\n<p><span style=\"font-weight: 400;\"><\/span><\/p>\n<h2><b>Intellectual property<\/b><\/h2>\n<p><b><\/b><\/p>\n<p><span style=\"font-weight: 400;\">All the content on this site, including but not limited to graphics, images, text, videos, animations, sounds, logos, GIFs, and icons, as well as their formatting, are the exclusive property of OFFENSTADT CLAIRE (O.BY.CLAIRE), with the exception of trademarks, logos, or content belonging to other partner companies or authors.<\/span><\/p>\n<p><span style=\"font-weight: 400;\">Any reproduction, distribution, modification, adaptation, retransmission, or publication, even partial, of these various elements is strictly prohibited without the express prior written consent of OFFENSTADT CLAIRE (O.BY.CLAIRE). Any such representation or reproduction, by any means whatsoever, constitutes an infringement punishable under Articles.  <\/span><a href=\"https:\/\/www.legifrance.gouv.fr\/affichCodeArticle.do?idArticle=LEGIARTI000032655082&amp;cidTexte=LEGITEXT000006069414&amp;dateTexte=20160605\" target=\"_blank\" rel=\"noopener\"><span style=\"font-weight: 400;\">L.335-2 et seq. of the French Intellectual Property Code<\/span><\/a><span style=\"font-weight: 400;\">. Failure to comply with this prohibition constitutes an infringement that may incur the civil and criminal liability of the infringer. Furthermore, the owners of the copied content may take legal action against you. <\/span><\/p>\n<p><span style=\"font-weight: 400;\">OFFENSTADT CLAIRE (O.BY.CLAIRE) est identiquement propri\u00e9taire des &#8220;droits des producteurs de bases de donn\u00e9es&#8221; vis\u00e9s au Livre III, Titre IV, du Code de la Propri\u00e9t\u00e9 Intellectuelle<\/span> <a href=\"https:\/\/www.legifrance.gouv.fr\/affichTexte.do?cidTexte=JORFTEXT000000573438&amp;dateTexte=&amp;categorieLien=id\" target=\"_blank\" rel=\"noopener\">(<span style=\"font-weight: 400;\">loi n\u00b098-536 du 1er juillet 1998<\/span><\/a>) <span style=\"font-weight: 400;\">relative aux droits d&#8217;auteur et aux bases de donn\u00e9es.<\/span><\/p>\n<p><span style=\"font-weight: 400;\">Users and visitors to the website may create a hyperlink to this site, but only to the home page, accessible at the following URL: obyclaire.com, provided that this link opens in a new window. In particular, a link to a subpage (\u201cdeep link\u201d) is prohibited, as is the opening of this site within a frame (\u201cframing\u201d), unless expressly authorized in advance by OFFENSTADT CLAIRE (O.BY.CLAIRE). <\/span><\/p>\n<p><span style=\"font-weight: 400;\">For any request for authorization or information, please contact us by email at: contact@obyclaire.com. Specific conditions apply for the press. <\/span><\/p>\n<p><span style=\"font-weight: 400;\">Furthermore, the layout of this site required the use of external resources for which we have acquired the rights or for which usage rights are open: DIVI by Elegant Themes. The illustrations were purchased from Adobe Stock. <\/span><\/p>\n<p><span style=\"font-weight: 400;\"><\/span><\/p>\n<h1><b>Service conditions<\/b><\/h1>\n<p><b><\/b><\/p>\n<p><span style=\"font-weight: 400;\">This site is built using HTML5 and CSS3. For better usability and a more enjoyable design, we recommend using modern browsers such as Safari, Firefox, Chrome, etc.<\/span><\/p>\n<p><span style=\"font-weight: 400;\"><\/span><\/p>\n<h2><b>Information and disclaimer<\/b><\/h2>\n<p><span style=\"font-weight: 400;\">OFFENSTADT CLAIRE (O.BY.CLAIRE) uses all available means to ensure reliable information and updates on its websites. However, errors or omissions may occur. Users should therefore verify the accuracy of the information with OFFENSTADT CLAIRE (O.BY.CLAIRE) and report any changes to the site they deem useful. OFFENSTADT CLAIRE (O.BY.CLAIRE) shall not be held responsible in any way for the use of this information, nor for any direct or indirect damage that may result from it.   <\/span><\/p>\n<p><span style=\"font-weight: 400;\"><\/span><\/p>\n<h2><b>Cookies<\/b><\/h2>\n<p><b><\/b><\/p>\n<p><span style=\"font-weight: 400;\">For statistical and display purposes, this website uses cookies. These are small text files stored on your hard drive to record technical data about your browsing. Certain parts of this site may not function without the acceptance of cookies.  <\/span><\/p>\n<p><span style=\"font-weight: 400;\"><\/span><\/p>\n<h2><b>Hypertext links<\/b><\/h2>\n<p><b><\/b><\/p>\n<p><span style=\"font-weight: 400;\">The websites of OFFENSTADT CLAIRE (O.BY.CLAIRE) may provide links to other websites or other resources available on the Internet.<\/span><\/p>\n<p><span style=\"font-weight: 400;\">OFFENSTADT CLAIRE (O.BY.CLAIRE) has no means of controlling the sites connected to its websites. OFFENSTADT CLAIRE (O.BY.CLAIRE) is not responsible for, nor does it guarantee, the availability of such external sites and sources. It cannot be held liable for any damage, of any kind, resulting from the content of these external sites or sources, including the information, products, or services they offer, or any use that may be made of these elements. The risks associated with such use are fully borne by the user, who must comply with their terms of use.   <\/span><\/p>\n<p><span style=\"font-weight: 400;\">Users, subscribers, and visitors to the websites of OFFENSTADT CLAIRE (O.BY.CLAIRE) may not create a hyperlink to this site without the express prior authorization of OFFENSTADT CLAIRE (O.BY.CLAIRE).<\/span><\/p>\n<p><span style=\"font-weight: 400;\">In the event that a user or visitor wishes to create a hyperlink to one of the websites of OFFENSTADT CLAIRE (O.BY.CLAIRE), they must send an email available on the site in order to submit their request to set up a hyperlink. OFFENSTADT CLAIRE (O.BY.CLAIRE) reserves the right to accept or refuse a hyperlink without having to justify its decision. <\/span><\/p>\n<p><span style=\"font-weight: 400;\"><\/span><\/p>\n<h2><b>Research<\/b><\/h2>\n<p><b><\/b><\/p>\n<p><span style=\"font-weight: 400;\">Furthermore, referring to a website to provide additional information in no way implies that OFFENSTADT CLAIRE (O.BY.CLAIRE) acknowledges or accepts any responsibility for the content or use of said site.<\/span><\/p>\n<p><span style=\"font-weight: 400;\"><\/span><\/p>\n<h2><b>Usage precautions<\/b><\/h2>\n<p><b><\/b><\/p>\n<p><span style=\"font-weight: 400;\">It is therefore your responsibility to take the necessary precautions to ensure that what you choose to use is free from errors or potentially harmful elements such as viruses, trojans, etc.<\/span><\/p>\n<h2><b>Responsibility<\/b><\/h2>\n<p><span style=\"font-weight: 400;\">No other warranty is granted to the client, who is responsible for clearly stating their needs and for making the necessary inquiries. If any information provided by OFFENSTADT CLAIRE (O.BY.CLAIRE) appears to be inaccurate, it is the client\u2019s responsibility to carry out all verifications regarding the consistency or plausibility of the results obtained. OFFENSTADT CLAIRE (O.BY.CLAIRE) shall in no way be held liable to third parties for the client\u2019s use, or lack thereof, of the information contained in its products, including any of its websites.  <\/span><\/p>\n<p>&nbsp;<\/p>\n<p><i><span style=\"font-weight: 400;\">ACCESS TO CONFIDENTIALITY POLICY<\/span><\/i><\/p>\n<p>[\/et_pb_text][\/et_pb_column][\/et_pb_row][\/et_pb_section]<\/p>\n","protected":false},"excerpt":{"rendered":"<p>Shipping<div class=\"et_pb_module dipi_breadcrumbs dipi_breadcrumbs_0\">\n\t\t\t\t\n\t\t\t\t\n\t\t\t\t\n\t\t\t\t\n\t\t\t\t\n\t\t\t\t\n\t\t\t\t<div class=\"et_pb_module_inner\">\n\t\t\t\t\t<div class=\"dipi-breadcrumbs dipi-bc-left\">\n                <ul >\n                    \n                                                        <li  class=\"dipi-breadcrumb-item dipi-breadcrumb-home\">\n\n                                                    <a  href=\"https:\/\/www.o-byclaire.com\/en\/\">\n                                <span  content=\"Home\">\n                                                                        O&#039;ByClaire                                <\/span>\n                            <\/a>\n\n                                                <meta itemprop=\"position\" content=\"1\"\/>                    <\/li>\n\n                    <li class=\"dipi-breadcrumb-separator\">\n                    <span class=\"et-pb-icon dipi-separator-icon\">$<\/span>\n                <\/li>                            \n                <\/ul>\n            <\/div>\n\t\t\t\t<\/div>\n\t\t\t<\/div>Legal notice Please read these terms of use carefully before browsing this website. By connecting to this site, you unreservedly accept these terms. &nbsp; Webiste owner OFFENSTADT CLAIRE (O.BY.CLAIRE) 41 BOULEVARD DU ROI, 78000 VERSAILLES SIREN : 941593113 VAT number (France) [&hellip;]<\/p>\n","protected":false},"author":1,"featured_media":0,"parent":0,"menu_order":0,"comment_status":"closed","ping_status":"closed","template":"","meta":{"_et_pb_use_builder":"on","_et_pb_old_content":"","_et_gb_content_width":"","footnotes":""},"dipi_cpt_category":[],"class_list":["post-25977451","page","type-page","status-publish","hentry"],"_links":{"self":[{"href":"https:\/\/www.o-byclaire.com\/en\/wp-json\/wp\/v2\/pages\/25977451","targetHints":{"allow":["GET"]}}],"collection":[{"href":"https:\/\/www.o-byclaire.com\/en\/wp-json\/wp\/v2\/pages"}],"about":[{"href":"https:\/\/www.o-byclaire.com\/en\/wp-json\/wp\/v2\/types\/page"}],"author":[{"embeddable":true,"href":"https:\/\/www.o-byclaire.com\/en\/wp-json\/wp\/v2\/users\/1"}],"replies":[{"embeddable":true,"href":"https:\/\/www.o-byclaire.com\/en\/wp-json\/wp\/v2\/comments?post=25977451"}],"version-history":[{"count":2,"href":"https:\/\/www.o-byclaire.com\/en\/wp-json\/wp\/v2\/pages\/25977451\/revisions"}],"predecessor-version":[{"id":25977453,"href":"https:\/\/www.o-byclaire.com\/en\/wp-json\/wp\/v2\/pages\/25977451\/revisions\/25977453"}],"wp:attachment":[{"href":"https:\/\/www.o-byclaire.com\/en\/wp-json\/wp\/v2\/media?parent=25977451"}],"wp:term":[{"taxonomy":"dipi_cpt_category","embeddable":true,"href":"https:\/\/www.o-byclaire.com\/en\/wp-json\/wp\/v2\/dipi_cpt_category?post=25977451"}],"curies":[{"name":"wp","href":"https:\/\/api.w.org\/{rel}","templated":true}]}}